{"id":18,"date":"2019-06-07T12:18:24","date_gmt":"2019-06-07T12:18:24","guid":{"rendered":"http:\/\/new.heptan.com\/?page_id=18"},"modified":"2019-12-10T16:45:40","modified_gmt":"2019-12-10T16:45:40","slug":"about","status":"publish","type":"page","link":"https:\/\/heptan.com\/?page_id=18","title":{"rendered":"Oferta"},"content":{"rendered":"<p><strong>Obs\u0142uga transkacji<\/strong> obrotu nieruchomo\u015bciami &#8211; kupno, sprzeda\u017c, zamiana, wynajem<\/p>\n<ul>\n<li style=\"list-style-type: none;\">\n<ul>\n<li style=\"list-style-type: none;\">\n<ul>\n<li><a href=\"https:\/\/www.facebook.com\/heptanre\/\" target=\"_blank\" rel=\"noopener noreferrer\">Zobacz nasze aktualne gor\u0105ce oferty na naszym profilu FB<\/a><\/li>\n<\/ul>\n<\/li>\n<\/ul>\n<\/li>\n<\/ul>\n<p><strong>Doradztwo<\/strong> w zakresie nieruchomo\u015bci &#8211; dywersyfikacja portfela nieruchomo\u015bci Klienta, optymalizacja przychodu z posiadanych nieruchomo\u015bci<\/p>\n<p><strong>Zarz\u0105dzanie<\/strong> nieruchomo\u015bciami Klienta<\/p>\n","protected":false},"excerpt":{"rendered":"<p>Obs\u0142uga transkacji obrotu nieruchomo\u015bciami &#8211; kupno, sprzeda\u017c, zamiana, wynajem Zobacz nasze aktualne gor\u0105ce oferty na naszym profilu FB Doradztwo w zakresie nieruchomo\u015bci &#8211; dywersyfikacja portfela nieruchomo\u015bci Klienta, optymalizacja przychodu z posiadanych nieruchomo\u015bci Zarz\u0105dzanie nieruchomo\u015bciami Klienta<\/p>\n","protected":false},"author":1,"featured_media":0,"parent":0,"menu_order":0,"comment_status":"closed","ping_status":"closed","template":"","meta":{"footnotes":""},"class_list":["post-18","page","type-page","status-publish","hentry"],"_links":{"self":[{"href":"https:\/\/heptan.com\/index.php?rest_route=\/wp\/v2\/pages\/18","targetHints":{"allow":["GET"]}}],"collection":[{"href":"https:\/\/heptan.com\/index.php?rest_route=\/wp\/v2\/pages"}],"about":[{"href":"https:\/\/heptan.com\/index.php?rest_route=\/wp\/v2\/types\/page"}],"author":[{"embeddable":true,"href":"https:\/\/heptan.com\/index.php?rest_route=\/wp\/v2\/users\/1"}],"replies":[{"embeddable":true,"href":"https:\/\/heptan.com\/index.php?rest_route=%2Fwp%2Fv2%2Fcomments&post=18"}],"version-history":[{"count":6,"href":"https:\/\/heptan.com\/index.php?rest_route=\/wp\/v2\/pages\/18\/revisions"}],"predecessor-version":[{"id":205,"href":"https:\/\/heptan.com\/index.php?rest_route=\/wp\/v2\/pages\/18\/revisions\/205"}],"wp:attachment":[{"href":"https:\/\/heptan.com\/index.php?rest_route=%2Fwp%2Fv2%2Fmedia&parent=18"}],"curies":[{"name":"wp","href":"https:\/\/api.w.org\/{rel}","templated":true}]}}