{"id":19,"date":"2019-06-07T12:18:24","date_gmt":"2019-06-07T12:18:24","guid":{"rendered":"http:\/\/new.heptan.com\/?page_id=19"},"modified":"2020-09-29T21:08:58","modified_gmt":"2020-09-29T21:08:58","slug":"contact","status":"publish","type":"page","link":"https:\/\/heptan.com\/?page_id=19","title":{"rendered":"Kontakt"},"content":{"rendered":"<p>Zapraszamy do kontaktu i wsp\u00f3\u0142pracy!<\/p>\n\n<div class=\"wpforms-container wpforms-container-full wpforms-block\" id=\"wpforms-1049\"><form id=\"wpforms-form-1049\" class=\"wpforms-validate wpforms-form\" data-formid=\"1049\" method=\"post\" enctype=\"multipart\/form-data\" action=\"\/index.php?rest_route=%2Fwp%2Fv2%2Fpages%2F19\" data-token=\"f3dc0dc63d73c826b6ef8d80b59c9eeb\" data-token-time=\"1776213431\"><noscript class=\"wpforms-error-noscript\">Please enable JavaScript in your browser to complete this form.<\/noscript><div class=\"wpforms-field-container\"><div id=\"wpforms-1049-field_0-container\" class=\"wpforms-field wpforms-field-name\" data-field-id=\"0\"><label class=\"wpforms-field-label\" for=\"wpforms-1049-field_0\">Imi\u0119:<\/label><input type=\"text\" id=\"wpforms-1049-field_0\" class=\"wpforms-field-medium\" name=\"wpforms[fields][0]\" ><\/div><div id=\"wpforms-1049-field_1-container\" class=\"wpforms-field wpforms-field-email\" data-field-id=\"1\"><label class=\"wpforms-field-label\" for=\"wpforms-1049-field_1\">E-mail: <span class=\"wpforms-required-label\">*<\/span><\/label><input type=\"email\" id=\"wpforms-1049-field_1\" class=\"wpforms-field-medium wpforms-field-required\" name=\"wpforms[fields][1]\" spellcheck=\"false\" required><\/div><div id=\"wpforms-1049-field_3-container\" class=\"wpforms-field wpforms-field-name\" data-field-id=\"3\"><label class=\"wpforms-field-label\" for=\"wpforms-1049-field_3\">Telefon:<\/label><input type=\"text\" id=\"wpforms-1049-field_3\" class=\"wpforms-field-medium\" name=\"wpforms[fields][3]\" ><\/div><div id=\"wpforms-1049-field_2-container\" class=\"wpforms-field wpforms-field-textarea\" data-field-id=\"2\"><label class=\"wpforms-field-label\" for=\"wpforms-1049-field_2\">Twoje zapytanie: <span class=\"wpforms-required-label\">*<\/span><\/label><textarea id=\"wpforms-1049-field_2\" class=\"wpforms-field-medium wpforms-field-required\" name=\"wpforms[fields][2]\" required><\/textarea><\/div><div id=\"wpforms-1049-field_4-container\" class=\"wpforms-field wpforms-field-checkbox\" data-field-id=\"4\"><label class=\"wpforms-field-label\">Zgody: <span class=\"wpforms-required-label\">*<\/span><\/label><ul id=\"wpforms-1049-field_4\" class=\"wpforms-field-required\"><li class=\"choice-1 depth-1\"><input type=\"checkbox\" id=\"wpforms-1049-field_4_1\" name=\"wpforms[fields][4][]\" value=\"Zgadzam si\u0119 na przetwarzanie moich danych osobowych przez Heptan Sp. z o.o. z siedzib\u0105 w Poznaniu, w celu odpowiedzi na moj\u0105 wiadomo\u015b\u0107, drog\u0105 telefoniczn\u0105 lub poprzez e-mail.\" required ><label class=\"wpforms-field-label-inline\" for=\"wpforms-1049-field_4_1\">Zgadzam si\u0119 na przetwarzanie moich danych osobowych przez Heptan Sp. z o.o. z siedzib\u0105 w Poznaniu, w celu odpowiedzi na moj\u0105 wiadomo\u015b\u0107, drog\u0105 telefoniczn\u0105 lub poprzez e-mail.<\/label><\/li><\/ul><\/div><\/div><!-- .wpforms-field-container --><div class=\"wpforms-recaptcha-container wpforms-is-recaptcha wpforms-is-recaptcha-type-v3\" ><input type=\"hidden\" name=\"wpforms[recaptcha]\" value=\"\"><\/div><div class=\"wpforms-submit-container\" ><input type=\"hidden\" name=\"wpforms[id]\" value=\"1049\"><input type=\"hidden\" name=\"page_title\" value=\"\"><input type=\"hidden\" name=\"page_url\" value=\"https:\/\/heptan.com\/index.php?rest_route=\/wp\/v2\/pages\/19\"><input type=\"hidden\" name=\"url_referer\" value=\"\"><button type=\"submit\" name=\"wpforms[submit]\" id=\"wpforms-submit-1049\" class=\"wpforms-submit\" data-alt-text=\"Sending...\" data-submit-text=\"Wy\u015blij\" aria-live=\"assertive\" value=\"wpforms-submit\">Wy\u015blij<\/button><\/div><\/form><\/div>  <!-- .wpforms-container -->","protected":false},"excerpt":{"rendered":"<p>Zapraszamy do kontaktu i wsp\u00f3\u0142pracy!<\/p>\n","protected":false},"author":1,"featured_media":0,"parent":0,"menu_order":0,"comment_status":"closed","ping_status":"closed","template":"","meta":{"footnotes":""},"class_list":["post-19","page","type-page","status-publish","hentry"],"_links":{"self":[{"href":"https:\/\/heptan.com\/index.php?rest_route=\/wp\/v2\/pages\/19","targetHints":{"allow":["GET"]}}],"collection":[{"href":"https:\/\/heptan.com\/index.php?rest_route=\/wp\/v2\/pages"}],"about":[{"href":"https:\/\/heptan.com\/index.php?rest_route=\/wp\/v2\/types\/page"}],"author":[{"embeddable":true,"href":"https:\/\/heptan.com\/index.php?rest_route=\/wp\/v2\/users\/1"}],"replies":[{"embeddable":true,"href":"https:\/\/heptan.com\/index.php?rest_route=%2Fwp%2Fv2%2Fcomments&post=19"}],"version-history":[{"count":9,"href":"https:\/\/heptan.com\/index.php?rest_route=\/wp\/v2\/pages\/19\/revisions"}],"predecessor-version":[{"id":1051,"href":"https:\/\/heptan.com\/index.php?rest_route=\/wp\/v2\/pages\/19\/revisions\/1051"}],"wp:attachment":[{"href":"https:\/\/heptan.com\/index.php?rest_route=%2Fwp%2Fv2%2Fmedia&parent=19"}],"curies":[{"name":"wp","href":"https:\/\/api.w.org\/{rel}","templated":true}]}}