{"id":3,"date":"2019-06-06T14:37:13","date_gmt":"2019-06-06T14:37:13","guid":{"rendered":"http:\/\/new.heptan.com\/?page_id=3"},"modified":"2019-06-10T07:25:07","modified_gmt":"2019-06-10T07:25:07","slug":"privacy-policy","status":"publish","type":"page","link":"https:\/\/heptan.com\/?page_id=3","title":{"rendered":"Polityka prywatno\u015bci (pliki cookies i RODO)"},"content":{"rendered":"\n<h6 class=\"wp-block-heading\">Nasza strona internetowa korzysta z plik\u00f3w cookies. Korzystanie z serwisu bez zmiany ustawie\u0144 dotycz\u0105cych cookies, jest r\u00f3wnoznaczne z zamieszczaniem ich w Pa\u0144stwa urz\u0105dzeniu ko\u0144cowym. W ka\u017cdym momencie mog\u0105 Pa\u0144stwo dokona\u0107 zmian w tym zakresie. Wi\u0119cej szczeg\u00f3\u0142\u00f3w mo\u017cna znale\u017a\u0107 w niniejszej\u00a0<em>Polityce prywatno\u015bci<\/em>.<br><br>Od 25 maja 2018 roku zacznie obowi\u0105zywa\u0107 Rozporz\u0105dzenie Parlamentu Europejskiego i Rady (UE) 2016\/679 z dnia 27 kwietnia 2016 r. w sprawie ochrony os\u00f3b fizycznych w zwi\u0105zku z przetwarzaniem danych osobowych i w sprawie swobodnego przep\u0142ywu takich danych oraz uchylenia dyrektywy 95\/46\/WE (okre\u015blane jako \u201eRODO\u201d, \u201eORODO\u201d, \u201eGDPR\u201d lub \u201eOg\u00f3lne Rozporz\u0105dzenie o Ochronie Danych\u201d). W zwi\u0105zku z tym chcieliby\u015bmy poinformowa\u0107 o przetwarzaniu Twoich danych oraz zasadach, na jakich b\u0119dzie si\u0119 to odbywa\u0142o po dniu 25 maja 2018 roku. Wi\u0119cej szczeg\u00f3\u0142\u00f3w: Polityka prywatno\u015bci (pliki cookies i RODO).<\/h6>\n\n\n\n<h3 class=\"wp-block-heading\">Polityka Prywatno\u015bci<\/h3>\n\n\n\n<p>Zgodnie z art. 13 ust. 1 og\u00f3lnego rozporz\u0105dzenia o ochronie danych osobowych z dnia 27 kwietnia 2016r. (RODO), informuj\u0119, i\u017c:<\/p>\n\n\n\n<ol class=\"wp-block-list\"><li>Administratorem Pani\/Pana danych osobowych jest Heptan Sp. z o.o. z siedzib\u0105 w Poznaniu przy ul. Sienkiewicza 5\/5.<\/li><li>Pani\/Pana dane osobowe przetwarzane b\u0119d\u0105 w celu marketingowym \u2013 art. 6 ust. 1 lit. f RODO (naszym prawnie uzasadnionym interesem jest cel marketingu bezpo\u015bredniego), do czasu wp\u0142yni\u0119cia sprzeciwu.\u00a0<\/li><li>Odbiorcami Pani\/Pana danych osobowych mog\u0105 by\u0107 podmioty z zakresu zleconej obs\u0142ugi\u00a0 IT oraz podmioty udost\u0119pniaj\u0105ce nam narz\u0119dzia informatyczne.\u00a0<\/li><li>Pani\/Pana dane osobowe b\u0119d\u0105 przechowywane przez okres wskazany w punkcie 2.<\/li><li>Przys\u0142uguje Pani\/Panu prawo dost\u0119pu do tre\u015bci swoich danych oraz prawo ich sprostowania, usuni\u0119cia, ograniczenia przetwarzania, prawo do przenoszenia danych, prawo wniesienia sprzeciwu, a je\u017celi przetwarzanie odbywa si\u0119 na podstawie zgody, to r\u00f3wnie\u017c prawo do cofni\u0119cia zgody w dowolnym momencie (bez wp\u0142ywu na zgodno\u015b\u0107 z prawem przetwarzania, kt\u00f3rego dokonano na podstawie zgody przed jej cofni\u0119ciem).<\/li><li>Je\u015bli uzna Pani\/Pan, i\u017c przetwarzanie danych osobowych Pani\/Pana dotycz\u0105cych narusza przepisy RODO, przys\u0142uguje Pani\/Panu prawo wniesienia skargi do Prezesa Urz\u0119du Ochrony Danych Osobowych.<\/li><li>Podanie przez Pani\u0105\/Pana danych osobowych jest warunkiem niezb\u0119dnym dla realizacji celu marketingowego (przedstawienie oferty).<\/li><li>Pani\/Pana dane b\u0119d\u0105 mog\u0142y by\u0107 przetwarzane w spos\u00f3b zautomatyzowany ale nie b\u0119d\u0105 podlega\u0142y profilowaniu<\/li><li>Wszelkie informacje na temat danych osobowych znajdzie Pani\/Pan na stronie www.more7.pl<\/li><li>Przekazywanie danych poza EOG &#8211; niekt\u00f3rzy spo\u015br\u00f3d naszych Zaufanych Partner\u00f3w np. Google czy Facebook maj\u0105 siedzib\u0119 poza terytorium EOG. W zwi\u0105zku z przekazaniem Twoich danych poza terytorium EOG, weryfikujemy, aby Partnerzy dawali gwarancje wysokiego stopnia ochrony danych osobowych. Masz prawo \u017c\u0105da\u0107 od nas przekazania kopii standardowych klauzul umownych kieruj\u0105c zapytanie do nas.<\/li><\/ol>\n\n\n\n<p>Zgodnie z art. 21 ust. 4 RODO informuj\u0119, i\u017c przys\u0142uguje Pani\/Panu prawo wniesienia sprzeciwu wobec przetwarzania dotycz\u0105cych Pani\/Panu danych osobowych. Sprzeciw nale\u017cy z\u0142o\u017cy\u0107 administratorowi, kt\u00f3rego dane kontaktowe wskazane s\u0105 w pkt 1. Zgodnie z art. 21 ust. 1 RODO, sk\u0142adaj\u0105c sprzeciw, nale\u017cy wskaza\u0107 jego przyczyny zwi\u0105zane z Pani\/Pana szczeg\u00f3ln\u0105 sytuacj\u0105.<\/p>\n\n\n\n<h3 class=\"wp-block-heading\">Polityka Cookies<\/h3>\n\n\n\n<h3 class=\"wp-block-heading\"><strong>Czym s\u0105 pliki cookies?<\/strong><\/h3>\n\n\n\n<p>Cookie to plik sk\u0142adaj\u0105cy si\u0119 z liter i cyfr, kt\u00f3ry zostaje umieszczony na Pa\u0144stw komputerze stacjonarnym, laptopie lub innym urz\u0105dzeniu mobilnym z dost\u0119pem do internetu, je\u015bli wyra\u017caj\u0105 Pa\u0144stwo na to zgod\u0119. Cookies zazwyczaj zawieraj\u0105 nazw\u0119 strony internetowej, z kt\u00f3rej pochodz\u0105, czas przechowywania ich na urz\u0105dzeniu ko\u0144cowym oraz unikalny numer.<\/p>\n\n\n\n<p>Serwis nie gromadzi w spos\u00f3b automatyczny \u017cadnych informacji, z wyj\u0105tkiem informacji zawartych w plikach cookies.<\/p>\n\n\n\n<h3 class=\"wp-block-heading\"><strong>Podmiot odpowiedzialny za zamieszczanie plik\u00f3w cookies<\/strong><\/h3>\n\n\n\n<p>Zgodnie z art. 173 ust. 1 ustawy z dnia 16 lipca 2004 r. Prawo telekomunikacyjne (Dz. U. z 2004 r. Nr 171, poz. 1800) informujemy, \u017ce podmiotem zamieszczaj\u0105cym na Pa\u0144stwa urz\u0105dzeniu ko\u0144cowym pliki cookies, jest operator serwisu www.more7.pl z siedzib\u0105 przy ulicy Sienkiewicza 5 lok. 5 w Poznaniu.<\/p>\n\n\n\n<p>Pliki cookies zamieszczane w urz\u0105dzeniu ko\u0144cowym U\u017cytkownika serwisu wykorzystywane mog\u0105 by\u0107 r\u00f3wnie\u017c przez wsp\u00f3\u0142pracuj\u0105cych z nami reklamodawc\u00f3w oraz partner\u00f3w.<\/p>\n\n\n\n<p>Pliki cookies mog\u0105 by\u0107 r\u00f3wnie\u017c wykorzystywane przez zamieszczane na niekt\u00f3rych stronach wtyczki serwis\u00f3w spo\u0142eczno\u015bciowych, np. Facebook, Twitter.<\/p>\n\n\n\n<h3 class=\"wp-block-heading\"><strong>Do czego wykorzystujemy pliki cookies?<\/strong><\/h3>\n\n\n\n<p>Pliki cookies pozwalaj\u0105 nam zwi\u0119kszy\u0107 u\u017cyteczno\u015b\u0107 seriwus i odr\u00f3\u017cni\u0107 Pa\u0144stwa od innych u\u017cytkownik\u00f3w naszej strony internetowej. Tym samym pomagaj\u0105 zapewni\u0107 dobre do\u015bwiadczenie podczas przegl\u0105dania naszej strony internetowej. Cookies pozwalaj\u0105 nam na tworzenie statystyk ogl\u0105dalno\u015bci serwisu. Mo\u017cemy rozpozna\u0107 i policzy\u0107 liczb\u0119 odwiedzaj\u0105cych oraz zobaczy\u0107, w jaki spos\u00f3b go\u015bcie poruszaj\u0105 si\u0119 po stronie. Na podstawie cookies mo\u017cemy na przyk\u0142ad upewni\u0107 si\u0119, \u017ce odwiedzaj\u0105cy nasz\u0105 stron\u0119 znajduj\u0105 w \u0142atwy spos\u00f3b informacje, kt\u00f3rych potrzebuj\u0105. Pliki cookies wspomagaj\u0105 ponadto realizacj\u0119 kampanii Adwords, zwi\u0105zanych z naszym serwisem<strong>.<\/strong><\/p>\n\n\n\n<h3 class=\"wp-block-heading\"><strong>Zmiana ustawie\u0144 dotycz\u0105cych plik\u00f3w cookies<\/strong><\/h3>\n\n\n\n<p>Zwykle przegl\u0105darka internetowa domy\u015blnie dopuszcza przechowywanie plik\u00f3w cookies w urz\u0105dzeniu ko\u0144cowym. Mo\u017cecie Pa\u0144stwo dokona\u0107 w ka\u017cdym czasie zmiany ustawie\u0144 dotycz\u0105cych plik\u00f3w cookies. Ustawienia te mog\u0105 zosta\u0107 zmienione tak, aby uniemo\u017cliwia\u0107 automatyczn\u0105 obs\u0142ug\u0119 plik\u00f3w cookies w ustawieniach przegl\u0105darki internetowej, b\u0105d\u017a informowa\u0107 o ich ka\u017cdorazowym zamieszczeniu w Pa\u0144stwa urz\u0105dzeniu. Wprowadzenie zmian mo\u017ce mie\u0107 wp\u0142yw na niekt\u00f3re funkcjonalno\u015bci naszej strony internetowej. Je\u015bli nie zgadzaj\u0105 si\u0119 Pa\u0144stwo z zapisywaniem tych danych, prosimy o zmian\u0119 ustawie\u0144 przegl\u0105darki, b\u0105d\u017a opuszczenie naszej witryny. Dokonanie zmian w obs\u0142udze plik\u00f3w cookies zale\u017cy od przegl\u0105darki, z kt\u00f3rej Pa\u0144stwo korzystacie. Konfiguracji mo\u017cna dokona\u0107 w spos\u00f3b nast\u0119puj\u0105cy:<\/p>\n\n\n\n<ul class=\"wp-block-list\"><li><strong>Firefox<\/strong>: Opcje -&gt; Prywatno\u015b\u0107<\/li><li><strong>Chrome<\/strong>: Ustawienia -&gt; Ustawienia zaawansowane -&gt; Prywatno\u015b\u0107 -&gt; Ustawienia tre\u015bci<\/li><li><strong>Internet Explorer<\/strong>: Narz\u0119dzia -&gt; Opcje internetowe -&gt; Prywatno\u015b\u0107 (do wyboru r\u00f3\u017cne poziomy ochrony) -&gt; Zaawansowane<\/li><li><strong>Opera<\/strong>: Preferencje -&gt; Zaawansowane -&gt; Ciasteczka<\/li><\/ul>\n","protected":false},"excerpt":{"rendered":"<p>Nasza strona internetowa korzysta z plik\u00f3w cookies. Korzystanie z serwisu bez zmiany ustawie\u0144 dotycz\u0105cych cookies, jest r\u00f3wnoznaczne z zamieszczaniem ich w Pa\u0144stwa urz\u0105dzeniu ko\u0144cowym. W ka\u017cdym momencie mog\u0105 Pa\u0144stwo dokona\u0107 zmian w tym zakresie. Wi\u0119cej szczeg\u00f3\u0142\u00f3w mo\u017cna znale\u017a\u0107 w niniejszej\u00a0Polityce prywatno\u015bci. Od 25 maja 2018 roku zacznie obowi\u0105zywa\u0107 Rozporz\u0105dzenie Parlamentu Europejskiego i Rady (UE) 2016\/679 &hellip; <\/p>\n<p class=\"link-more\"><a href=\"https:\/\/heptan.com\/?page_id=3\" class=\"more-link\">Continue reading<span class=\"screen-reader-text\"> &#8220;Polityka prywatno\u015bci (pliki cookies i RODO)&#8221;<\/span><\/a><\/p>\n","protected":false},"author":1,"featured_media":0,"parent":0,"menu_order":0,"comment_status":"closed","ping_status":"open","template":"","meta":{"footnotes":""},"class_list":["post-3","page","type-page","status-publish","hentry"],"_links":{"self":[{"href":"https:\/\/heptan.com\/index.php?rest_route=\/wp\/v2\/pages\/3","targetHints":{"allow":["GET"]}}],"collection":[{"href":"https:\/\/heptan.com\/index.php?rest_route=\/wp\/v2\/pages"}],"about":[{"href":"https:\/\/heptan.com\/index.php?rest_route=\/wp\/v2\/types\/page"}],"author":[{"embeddable":true,"href":"https:\/\/heptan.com\/index.php?rest_route=\/wp\/v2\/users\/1"}],"replies":[{"embeddable":true,"href":"https:\/\/heptan.com\/index.php?rest_route=%2Fwp%2Fv2%2Fcomments&post=3"}],"version-history":[{"count":2,"href":"https:\/\/heptan.com\/index.php?rest_route=\/wp\/v2\/pages\/3\/revisions"}],"predecessor-version":[{"id":81,"href":"https:\/\/heptan.com\/index.php?rest_route=\/wp\/v2\/pages\/3\/revisions\/81"}],"wp:attachment":[{"href":"https:\/\/heptan.com\/index.php?rest_route=%2Fwp%2Fv2%2Fmedia&parent=3"}],"curies":[{"name":"wp","href":"https:\/\/api.w.org\/{rel}","templated":true}]}}